{"id":17,"date":"2022-01-11T12:04:11","date_gmt":"2022-01-11T12:04:11","guid":{"rendered":"https:\/\/franzisehmrau.de\/?page_id=17"},"modified":"2025-02-05T10:42:37","modified_gmt":"2025-02-05T10:42:37","slug":"ueber-mich","status":"publish","type":"page","link":"https:\/\/franzisehmrau.de\/","title":{"rendered":"\u00dcber mich"},"content":{"rendered":"<div class=\"wp-block-image\">\n<figure class=\"aligncenter size-full is-resized\"><img loading=\"lazy\" decoding=\"async\" width=\"1000\" height=\"1000\" src=\"https:\/\/franzisehmrau.de\/wp-content\/uploads\/2022\/01\/ronny_scan_online.png\" alt=\"\" class=\"wp-image-8\" style=\"width:500px;height:500px\" srcset=\"https:\/\/franzisehmrau.de\/wp-content\/uploads\/2022\/01\/ronny_scan_online.png 1000w, https:\/\/franzisehmrau.de\/wp-content\/uploads\/2022\/01\/ronny_scan_online-300x300.png 300w, https:\/\/franzisehmrau.de\/wp-content\/uploads\/2022\/01\/ronny_scan_online-150x150.png 150w, https:\/\/franzisehmrau.de\/wp-content\/uploads\/2022\/01\/ronny_scan_online-768x768.png 768w\" sizes=\"auto, (max-width: 1000px) 100vw, 1000px\" \/><\/figure><\/div>\n\n\n<p>Werde zum R<strong>udelf\u00fchrer durch Ruhe, Wissen und Souver\u00e4nit\u00e4t.<\/strong><\/p>\n\n\n\n<p>Bereits seit meiner Geburt sind Hunde meine st\u00e4ndigen Begleiter. Wie Loriot schon so sch\u00f6n sagte: \u201eEin Leben ohne Hund ist m\u00f6glich, aber sinnlos\u201c. F\u00fcr mein Leben gilt das Gleiche. Zeit mit Hunden in der Natur zu verbringen, ist f\u00fcr mich das Sch\u00f6nste. Und nun erf\u00fclle ich mir diesen Traum und mache mein gr\u00f6\u00dftes Hobby zum Beruf. Da Leidenschaft allein jedoch selten reicht, habe ich eine Ausbildung zur Hundeverhaltensberaterin absolviert und bin zus\u00e4tzlich zertifizierte Tierkommunikatorin.&nbsp;<\/p>\n\n\n\n<p>Wenn ich mit den Hunden in der Natur bin, spielt das Wetter f\u00fcr mich keine Rolle. Sonne, Wind, Regen \u2013 die Hunde und ich, wir machen es uns immer sch\u00f6n. Neben meinem guten H\u00e4ndchen f\u00fcr Hunde, die Leidenschaft sowie dem erworbenen Sachverstand, verf\u00fcge ich von Haus aus \u00fcber weitere essentielle Eigenschaften: ein hohes Ma\u00df an Feinf\u00fchligkeit, Verantwortungsbewusstsein und, ich bin ein wahres Organisationstalent.<\/p>\n\n\n<div class=\"wp-block-image\">\n<figure class=\"aligncenter size-large is-resized\"><img loading=\"lazy\" decoding=\"async\" width=\"1024\" height=\"768\" src=\"https:\/\/franzisehmrau.de\/wp-content\/uploads\/2025\/02\/portrait-fs-und-hunde-1024x768.jpeg\" alt=\"\" class=\"wp-image-194\" style=\"object-fit:contain;width:640px;height:512px\" srcset=\"https:\/\/franzisehmrau.de\/wp-content\/uploads\/2025\/02\/portrait-fs-und-hunde-1024x768.jpeg 1024w, https:\/\/franzisehmrau.de\/wp-content\/uploads\/2025\/02\/portrait-fs-und-hunde-300x225.jpeg 300w, https:\/\/franzisehmrau.de\/wp-content\/uploads\/2025\/02\/portrait-fs-und-hunde-768x576.jpeg 768w, https:\/\/franzisehmrau.de\/wp-content\/uploads\/2025\/02\/portrait-fs-und-hunde.jpeg 1280w\" sizes=\"auto, (max-width: 1024px) 100vw, 1024px\" \/><\/figure><\/div>\n\n\n<p>Wenn ich mit Hunden zusammenarbeite, ist mir das Wichtigste ihnen Respekt entgegenzubringen und sie als eigenst\u00e4ndige Pers\u00f6nlichkeiten zu behandeln. Ich werde dir und deinem Hund somit immer auf Augenh\u00f6he begegnen.&nbsp;<\/p>\n\n\n\n<p>Meine Beratung und Hilfe biete ich f\u00fcr Alltagssituationen an, die uns als Hundehalter oft vor besondere Herausforderungen stellen. Dazu geh\u00f6ren:<\/p>\n\n\n\n<ul class=\"wp-block-list\">\n<li>Angst und Aggressionsprobleme<\/li>\n\n\n\n<li>Kommunikation (\u00dcbersetzer \u2013 f\u00fcr den Menschen, ist die Hundesprache nicht immer eindeutig zu lesen)<\/li>\n\n\n\n<li>Leinenf\u00fchrung<\/li>\n\n\n\n<li>Trennungskonflikte<\/li>\n\n\n\n<li>Antijagdtraining<\/li>\n\n\n\n<li>der richtige Umgang mit Hund und Kind<\/li>\n\n\n\n<li>das kleine Hunde-Einmaleins (Sozialverhalten)&nbsp;<\/li>\n\n\n\n<li>Beratung f\u00fcr eine Erstanschaffung<\/li>\n<\/ul>\n\n\n\n<p>Kurz noch ein kleiner Exkurs zur Kommunikation: Von guter Kommunikation zwischen Hund und Mensch wird dann gesprochen, wenn sich der Hund gut an seinem Halter orientiert. Ist dies gegeben, haben wir ein gut verbundenes Mensch-Hund-Team. Ziel meiner Arbeit ist es, diese kostbare Verbindung f\u00fcr dich und deinen Hund zu erreichen.&nbsp;<\/p>\n\n\n\n<p>Ich selbst war lange Zeit ohne Hund unterwegs. Meine H\u00fcndin Ronja hat sich \u00fcber die Regenbogenbr\u00fccke verabschiedet.<\/p>\n\n\n\n<figure class=\"wp-block-image size-large\"><img loading=\"lazy\" decoding=\"async\" width=\"1024\" height=\"683\" src=\"https:\/\/franzisehmrau.de\/wp-content\/uploads\/2022\/01\/Schnuppiesletztes-1024x683.jpg\" alt=\"\" class=\"wp-image-48\" srcset=\"https:\/\/franzisehmrau.de\/wp-content\/uploads\/2022\/01\/Schnuppiesletztes-1024x683.jpg 1024w, https:\/\/franzisehmrau.de\/wp-content\/uploads\/2022\/01\/Schnuppiesletztes-300x200.jpg 300w, https:\/\/franzisehmrau.de\/wp-content\/uploads\/2022\/01\/Schnuppiesletztes-768x512.jpg 768w, https:\/\/franzisehmrau.de\/wp-content\/uploads\/2022\/01\/Schnuppiesletztes-1536x1024.jpg 1536w, https:\/\/franzisehmrau.de\/wp-content\/uploads\/2022\/01\/Schnuppiesletztes.jpg 1920w\" sizes=\"auto, (max-width: 1024px) 100vw, 1024px\" \/><\/figure>\n\n\n\n<p><\/p>\n\n\n\n<p>Seit nun kurzer Zeit gibt es eine Anw\u00e4rterin auf den Posten mein neuer Begleiter zu sein.<br>Hallo Fips \ud83d\ude09 willkommen in der Familie.<\/p>\n\n\n<div class=\"wp-block-image\">\n<figure class=\"aligncenter size-large\"><img loading=\"lazy\" decoding=\"async\" width=\"768\" height=\"1024\" src=\"https:\/\/franzisehmrau.de\/wp-content\/uploads\/2025\/02\/fips-768x1024.jpeg\" alt=\"\" class=\"wp-image-198\" srcset=\"https:\/\/franzisehmrau.de\/wp-content\/uploads\/2025\/02\/fips-768x1024.jpeg 768w, https:\/\/franzisehmrau.de\/wp-content\/uploads\/2025\/02\/fips-225x300.jpeg 225w, https:\/\/franzisehmrau.de\/wp-content\/uploads\/2025\/02\/fips.jpeg 960w\" sizes=\"auto, (max-width: 768px) 100vw, 768px\" \/><\/figure><\/div>","protected":false},"excerpt":{"rendered":"<p>Werde zum Rudelf\u00fchrer durch Ruhe, Wissen und Souver\u00e4nit\u00e4t. Bereits seit meiner Geburt sind Hunde meine st\u00e4ndigen Begleiter. Wie Loriot schon so sch\u00f6n sagte: \u201eEin Leben ohne Hund ist m\u00f6glich, aber sinnlos\u201c. F\u00fcr mein Leben gilt das Gleiche. Zeit mit Hunden in der Natur zu verbringen, ist f\u00fcr mich das Sch\u00f6nste. Und nun erf\u00fclle ich mir [&hellip;]<\/p>\n","protected":false},"author":1,"featured_media":0,"parent":0,"menu_order":0,"comment_status":"closed","ping_status":"closed","template":"","meta":{"footnotes":""},"class_list":["post-17","page","type-page","status-publish","hentry","entry"],"_links":{"self":[{"href":"https:\/\/franzisehmrau.de\/index.php?rest_route=\/wp\/v2\/pages\/17","targetHints":{"allow":["GET"]}}],"collection":[{"href":"https:\/\/franzisehmrau.de\/index.php?rest_route=\/wp\/v2\/pages"}],"about":[{"href":"https:\/\/franzisehmrau.de\/index.php?rest_route=\/wp\/v2\/types\/page"}],"author":[{"embeddable":true,"href":"https:\/\/franzisehmrau.de\/index.php?rest_route=\/wp\/v2\/users\/1"}],"replies":[{"embeddable":true,"href":"https:\/\/franzisehmrau.de\/index.php?rest_route=%2Fwp%2Fv2%2Fcomments&post=17"}],"version-history":[{"count":13,"href":"https:\/\/franzisehmrau.de\/index.php?rest_route=\/wp\/v2\/pages\/17\/revisions"}],"predecessor-version":[{"id":199,"href":"https:\/\/franzisehmrau.de\/index.php?rest_route=\/wp\/v2\/pages\/17\/revisions\/199"}],"wp:attachment":[{"href":"https:\/\/franzisehmrau.de\/index.php?rest_route=%2Fwp%2Fv2%2Fmedia&parent=17"}],"curies":[{"name":"wp","href":"https:\/\/api.w.org\/{rel}","templated":true}]}}