{"id":20,"date":"2022-01-11T12:05:25","date_gmt":"2022-01-11T12:05:25","guid":{"rendered":"https:\/\/franzisehmrau.de\/?page_id=20"},"modified":"2024-05-21T20:00:01","modified_gmt":"2024-05-21T20:00:01","slug":"angebot","status":"publish","type":"page","link":"https:\/\/franzisehmrau.de\/?page_id=20","title":{"rendered":"Angebot"},"content":{"rendered":"<div class=\"wp-block-image\">\n<figure class=\"aligncenter size-large\"><img loading=\"lazy\" decoding=\"async\" width=\"1024\" height=\"768\" src=\"https:\/\/franzisehmrau.de\/wp-content\/uploads\/2024\/05\/photo_2024-05-21-21.58.41-1024x768.jpeg\" alt=\"\" class=\"wp-image-177\" srcset=\"https:\/\/franzisehmrau.de\/wp-content\/uploads\/2024\/05\/photo_2024-05-21-21.58.41-1024x768.jpeg 1024w, https:\/\/franzisehmrau.de\/wp-content\/uploads\/2024\/05\/photo_2024-05-21-21.58.41-300x225.jpeg 300w, https:\/\/franzisehmrau.de\/wp-content\/uploads\/2024\/05\/photo_2024-05-21-21.58.41-768x576.jpeg 768w, https:\/\/franzisehmrau.de\/wp-content\/uploads\/2024\/05\/photo_2024-05-21-21.58.41.jpeg 1280w\" sizes=\"auto, (max-width: 1024px) 100vw, 1024px\" \/><\/figure><\/div>\n\n\n<p><strong>DOGWALKEN<\/strong><\/p>\n\n\n\n<p>Mein Dogwalking ist ein kompetenter Auslaufservice f\u00fcr deinen Hund. Bei mir hei\u00dft es nicht einfach nur spazieren gehen und Leine los, vielmehr erlernt und festigt dein Hund bei mir das kleine \u201eHunde-Einmaleins\u201c.<\/p>\n\n\n\n<p>Bewegung ist eines der Grundbed\u00fcrfnisse deines Hundes, schlie\u00dflich ist er von seiner Abstammung ein Lauftier.&nbsp;In einer Gro\u00dfstadt wie Berlin ist es f\u00fcr dich, als berufst\u00e4tigen Hundebesitzer, bestimmt nicht immer einfach f\u00fcr deine Fellnase die n\u00f6tige k\u00f6rperliche sowie auch soziale Auslastung zu bieten. Denn als Rudeltier sind auch soziale Interaktionen f\u00fcr ihn bedeutend. Und genau das ist mein Ziel. Ich m\u00f6chte dich entlasten, indem ich deinem Hund Freude durch Auslauf im Gr\u00fcnen und Herumtollen mit anderen Hunden biete. Und wer wei\u00df, vielleicht findet er in meiner Hundegruppe sogar neue Freunde.&nbsp;<\/p>\n\n\n\n<p>Um deinen Aufwand gering zu halten, hole ich deinen Gassi-Hund bei dir zu Hause oder aus deinem B\u00fcro mit dem Auto ab. Habe ich alle Hunde eingesammelt, fahren wir in den Wald oder zu einem Hundeauslaufgebiet am Stadtrand. Dort machen wir, in einer kleinen Gruppe, einen artgerechten Spaziergang von zwei bis drei Stunden. In der Gruppe hat dein Hund die M\u00f6glichkeit zu spielen, zu schnuppern und Erkundungen anzustellen. Zwischendurch werde ich spielerisch Basis\u00fcbungen einbauen, genauso wie es wichtige Entspannungsmomente f\u00fcr deinen Hund geben wird. Danach fahren wir nach Hause und ich werde dir einen m\u00fcden, zufriedenen und auch sehr hungrigen Hund bringen.<\/p>\n\n\n<div class=\"wp-block-image\">\n<figure class=\"aligncenter size-large is-resized\"><img loading=\"lazy\" decoding=\"async\" src=\"https:\/\/franzisehmrau.de\/wp-content\/uploads\/2023\/07\/2023-06-22-11.23.34-768x1024.jpg\" alt=\"\" class=\"wp-image-156\" width=\"384\" height=\"512\" srcset=\"https:\/\/franzisehmrau.de\/wp-content\/uploads\/2023\/07\/2023-06-22-11.23.34-768x1024.jpg 768w, https:\/\/franzisehmrau.de\/wp-content\/uploads\/2023\/07\/2023-06-22-11.23.34-225x300.jpg 225w, https:\/\/franzisehmrau.de\/wp-content\/uploads\/2023\/07\/2023-06-22-11.23.34.jpg 960w\" sizes=\"auto, (max-width: 384px) 100vw, 384px\" \/><\/figure><\/div>\n\n\n<p><strong>HUNDEVERHALTENSBERATUNG<\/strong><\/p>\n\n\n\n<p>Als Hundeverhaltensberater liegt meine T\u00e4tigkeit im Bereich der Modifikation von unerw\u00fcnschtem Problemverhalten. Am Anfang jedes erfolgreichen Hundetrainings steht f\u00fcr mich die genaue Analyse der individuellen Gegebenheiten von dir und deinem Vierbeiner als Mensch-Hund-Team. Dabei geht es mir um eure Beziehung, eure Charaktere, eure gesammelten Lernerfahrungen sowie auch eure individuellen Pr\u00e4ferenzen. Folglich beginnt meine Arbeit mit einem Kennlernbesuch bei euch zu Hause. Hier kann ich mir am besten einen Ersteindruck von euch als Team und euren individuellen Herausforderungen miteinander verschaffen.&nbsp;<\/p>\n\n\n\n<p>Beginnend mit der Verhaltensarbeit werde ich mit der Motivation und dem angeborenen Spieltrieb deines Hundes arbeiten. Gleichzeitig werde ich dir vermitteln, wie es dir gelingen kann, deinen Hund als vollwertigen Freund und Begleiter anzusehen. Auf diese Weise unterst\u00fctze ich euch dabei, zu einem untrennbaren Team zusammenzuwachsen. Wichtig zu betonen ist mir, dass es bei dieser Arbeit nicht um beeindruckenden Gehorsam geht, sondern vielmehr um die Ausbildung zu einem zufriedenen Familienhund und\/oder Begleiter. Bei mir lernt dein Hund nicht nur ohne jegliche Art von Zwang und Gewalt, er wird vielmehr durch Konsequenz und positive Verst\u00e4rkung seinen Platz in deiner Familie finden.&nbsp;<\/p>\n\n\n\n<p>Wie bereits an anderer Stelle benannt, ist es nicht nur Basis, sondern auch etwas, das meine Arbeit explizit auszeichnet, allen Hunden mit Respekt zu begegnen. Somit ist es mir auch in den Verhaltensberatungen ein Anliegen deinen Hund als eigenst\u00e4ndige Pers\u00f6nlichkeit zu begegnen. Mitunter daraus resultierend, beeinflusst Verhaltenstherapie, wie ich sie anwende, das Verhalten von Haushunden mit Problemen erfolgreich.<\/p>\n\n\n<div class=\"wp-block-image\">\n<figure class=\"aligncenter size-large is-resized\"><img loading=\"lazy\" decoding=\"async\" src=\"https:\/\/franzisehmrau.de\/wp-content\/uploads\/2023\/06\/2023-06-22-11.22.03-768x1024.jpg\" alt=\"\" class=\"wp-image-137\" width=\"384\" height=\"512\" srcset=\"https:\/\/franzisehmrau.de\/wp-content\/uploads\/2023\/06\/2023-06-22-11.22.03-768x1024.jpg 768w, https:\/\/franzisehmrau.de\/wp-content\/uploads\/2023\/06\/2023-06-22-11.22.03-225x300.jpg 225w, https:\/\/franzisehmrau.de\/wp-content\/uploads\/2023\/06\/2023-06-22-11.22.03.jpg 960w\" sizes=\"auto, (max-width: 384px) 100vw, 384px\" \/><\/figure><\/div>","protected":false},"excerpt":{"rendered":"<p>DOGWALKEN Mein Dogwalking ist ein kompetenter Auslaufservice f\u00fcr deinen Hund. Bei mir hei\u00dft es nicht einfach nur spazieren gehen und Leine los, vielmehr erlernt und festigt dein Hund bei mir das kleine \u201eHunde-Einmaleins\u201c. Bewegung ist eines der Grundbed\u00fcrfnisse deines Hundes, schlie\u00dflich ist er von seiner Abstammung ein Lauftier.&nbsp;In einer Gro\u00dfstadt wie Berlin ist es f\u00fcr [&hellip;]<\/p>\n","protected":false},"author":1,"featured_media":0,"parent":0,"menu_order":0,"comment_status":"closed","ping_status":"closed","template":"","meta":{"footnotes":""},"class_list":["post-20","page","type-page","status-publish","hentry","entry"],"_links":{"self":[{"href":"https:\/\/franzisehmrau.de\/index.php?rest_route=\/wp\/v2\/pages\/20","targetHints":{"allow":["GET"]}}],"collection":[{"href":"https:\/\/franzisehmrau.de\/index.php?rest_route=\/wp\/v2\/pages"}],"about":[{"href":"https:\/\/franzisehmrau.de\/index.php?rest_route=\/wp\/v2\/types\/page"}],"author":[{"embeddable":true,"href":"https:\/\/franzisehmrau.de\/index.php?rest_route=\/wp\/v2\/users\/1"}],"replies":[{"embeddable":true,"href":"https:\/\/franzisehmrau.de\/index.php?rest_route=%2Fwp%2Fv2%2Fcomments&post=20"}],"version-history":[{"count":10,"href":"https:\/\/franzisehmrau.de\/index.php?rest_route=\/wp\/v2\/pages\/20\/revisions"}],"predecessor-version":[{"id":178,"href":"https:\/\/franzisehmrau.de\/index.php?rest_route=\/wp\/v2\/pages\/20\/revisions\/178"}],"wp:attachment":[{"href":"https:\/\/franzisehmrau.de\/index.php?rest_route=%2Fwp%2Fv2%2Fmedia&parent=20"}],"curies":[{"name":"wp","href":"https:\/\/api.w.org\/{rel}","templated":true}]}}