{"id":23,"date":"2022-01-11T12:05:56","date_gmt":"2022-01-11T12:05:56","guid":{"rendered":"https:\/\/franzisehmrau.de\/?page_id=23"},"modified":"2023-07-07T12:24:58","modified_gmt":"2023-07-07T12:24:58","slug":"besonderheit","status":"publish","type":"page","link":"https:\/\/franzisehmrau.de\/?page_id=23","title":{"rendered":"Besonderheit"},"content":{"rendered":"<div class=\"wp-block-image\">\n<figure class=\"aligncenter size-large is-resized\"><img loading=\"lazy\" decoding=\"async\" src=\"https:\/\/franzisehmrau.de\/wp-content\/uploads\/2022\/01\/franzi_hundeberteuung_kinder_01-683x1024.jpg\" alt=\"\" class=\"wp-image-92\" width=\"342\" height=\"512\" srcset=\"https:\/\/franzisehmrau.de\/wp-content\/uploads\/2022\/01\/franzi_hundeberteuung_kinder_01-683x1024.jpg 683w, https:\/\/franzisehmrau.de\/wp-content\/uploads\/2022\/01\/franzi_hundeberteuung_kinder_01-200x300.jpg 200w, https:\/\/franzisehmrau.de\/wp-content\/uploads\/2022\/01\/franzi_hundeberteuung_kinder_01-768x1152.jpg 768w, https:\/\/franzisehmrau.de\/wp-content\/uploads\/2022\/01\/franzi_hundeberteuung_kinder_01-1024x1536.jpg 1024w, https:\/\/franzisehmrau.de\/wp-content\/uploads\/2022\/01\/franzi_hundeberteuung_kinder_01.jpg 1280w\" sizes=\"auto, (max-width: 342px) 100vw, 342px\" \/><\/figure><\/div>\n\n\n<p><strong>TIERKOMMUNIKATION<\/strong><\/p>\n\n\n\n<p>Tierkommunikation ist eine telepathische Kommunikation \u2013 die Sprache des Herzens. Indem ich mich dieser bediene, fungiere ich als \u00dcbersetzerin zwischen dir und deinem Hund. Uns Menschen ist die Hundesprache nicht immer eindeutig oder verst\u00e4ndlich. Denn neben ihrer Laut- und K\u00f6rpersprache kommunizieren Tiere auch intensiv auf telepathischem Wege. Telepathie bedeutet in etwa \u201eF\u00fchlen auf Distanz\u201c und ist eine F\u00e4higkeit, die wir Menschen in unserer modernen Welt verloren haben, wir aber wieder erlernen k\u00f6nnen.&nbsp;Bei der Tierkommunikation geht es mir darum, dir&nbsp;zu helfen, deinen Hund besser zu verstehen. Damit werde ich nicht nur eure Kommunikation miteinander verbessern, sondern auch eurer Beziehung eine neue Qualit\u00e4t verleihen.<\/p>\n\n\n\n<p><strong>KIND UND HUND&nbsp;<\/strong><\/p>\n\n\n<div class=\"wp-block-image\">\n<figure class=\"aligncenter size-large is-resized\"><img loading=\"lazy\" decoding=\"async\" src=\"https:\/\/franzisehmrau.de\/wp-content\/uploads\/2022\/01\/franzi_hundeberteuung_kinder_02-1024x683.jpg\" alt=\"\" class=\"wp-image-91\" width=\"512\" height=\"342\" srcset=\"https:\/\/franzisehmrau.de\/wp-content\/uploads\/2022\/01\/franzi_hundeberteuung_kinder_02-1024x683.jpg 1024w, https:\/\/franzisehmrau.de\/wp-content\/uploads\/2022\/01\/franzi_hundeberteuung_kinder_02-300x200.jpg 300w, https:\/\/franzisehmrau.de\/wp-content\/uploads\/2022\/01\/franzi_hundeberteuung_kinder_02-768x512.jpg 768w, https:\/\/franzisehmrau.de\/wp-content\/uploads\/2022\/01\/franzi_hundeberteuung_kinder_02-1536x1024.jpg 1536w, https:\/\/franzisehmrau.de\/wp-content\/uploads\/2022\/01\/franzi_hundeberteuung_kinder_02.jpg 1920w\" sizes=\"auto, (max-width: 512px) 100vw, 512px\" \/><\/figure><\/div>\n\n\n<p>Ich selbst bin mit Hund aufgewachsen und auch meine kleine Tochter und unser Hund bildeten ein Herz und eine Seele. F\u00fcr mich ein absolutes Geschenk. Mit dem Wissen um diese wertvolle Beziehung, biete ich eine Besonderheit an: die Basis einer lebenslangen Freundschaft zwischen deinem Kind und deinem Hund.&nbsp;<\/p>\n\n\n<div class=\"wp-block-image\">\n<figure class=\"aligncenter size-large is-resized\"><img loading=\"lazy\" decoding=\"async\" src=\"https:\/\/franzisehmrau.de\/wp-content\/uploads\/2023\/06\/2023-06-22-11.23.38-768x1024.jpg\" alt=\"\" class=\"wp-image-148\" width=\"384\" height=\"512\" srcset=\"https:\/\/franzisehmrau.de\/wp-content\/uploads\/2023\/06\/2023-06-22-11.23.38-768x1024.jpg 768w, https:\/\/franzisehmrau.de\/wp-content\/uploads\/2023\/06\/2023-06-22-11.23.38-225x300.jpg 225w, https:\/\/franzisehmrau.de\/wp-content\/uploads\/2023\/06\/2023-06-22-11.23.38.jpg 960w\" sizes=\"auto, (max-width: 384px) 100vw, 384px\" \/><\/figure><\/div>\n\n\n<p>Bei dieser Arbeit geht es mir um folgende F\u00f6rderung: Ich werde sowohl deinem Kind, als auch deinem Hund die Angst voreinander nehmen und beiden die Chance geben, gegenseitiges Verantwortungsbewusstsein sowie R\u00fccksichtnahme voneinander zu lernen. Das Verhalten der Hunde ist immer eine Reaktion auf unsere eigenen Verhaltensweisen. Aus diesem Grund ist es enorm wichtig, dem Hund ein liebevoller und gleichzeitig konsequenter Hundef\u00fchrer zu sein. Unsere Hunde sind Rudeltiere, die nach Anerkennung und Zuneigung suchen. Sie ben\u00f6tigen klare Regeln, um sich als Familienmitglieder einordnen zu k\u00f6nnen. Ganz genau wie unsere Kinder auch. Kinder und Hunde passen super zusammen. Sehr oft finden sich zwischen Kindern und Hunden innige Freundschaften. Grundlage daf\u00fcr ist die richtige Sprache zwischen Kind und Hund. Im Umgang zwischen Kind und Hund gibt es wichtige Regeln zu beachten und diese m\u00f6chte ich auf spielerische Weise deinem Kind und euch Eltern vermitteln.<\/p>\n\n\n\n<p><\/p>\n\n\n<div class=\"wp-block-image\">\n<figure class=\"aligncenter size-large is-resized\"><img loading=\"lazy\" decoding=\"async\" src=\"https:\/\/franzisehmrau.de\/wp-content\/uploads\/2023\/06\/2023-06-22-11.28.20-768x1024.jpg\" alt=\"\" class=\"wp-image-150\" width=\"384\" height=\"512\" srcset=\"https:\/\/franzisehmrau.de\/wp-content\/uploads\/2023\/06\/2023-06-22-11.28.20-768x1024.jpg 768w, https:\/\/franzisehmrau.de\/wp-content\/uploads\/2023\/06\/2023-06-22-11.28.20-225x300.jpg 225w, https:\/\/franzisehmrau.de\/wp-content\/uploads\/2023\/06\/2023-06-22-11.28.20.jpg 960w\" sizes=\"auto, (max-width: 384px) 100vw, 384px\" \/><\/figure><\/div>","protected":false},"excerpt":{"rendered":"<p>TIERKOMMUNIKATION Tierkommunikation ist eine telepathische Kommunikation \u2013 die Sprache des Herzens. Indem ich mich dieser bediene, fungiere ich als \u00dcbersetzerin zwischen dir und deinem Hund. Uns Menschen ist die Hundesprache nicht immer eindeutig oder verst\u00e4ndlich. Denn neben ihrer Laut- und K\u00f6rpersprache kommunizieren Tiere auch intensiv auf telepathischem Wege. Telepathie bedeutet in etwa \u201eF\u00fchlen auf Distanz\u201c [&hellip;]<\/p>\n","protected":false},"author":1,"featured_media":91,"parent":0,"menu_order":0,"comment_status":"closed","ping_status":"closed","template":"","meta":{"footnotes":""},"class_list":["post-23","page","type-page","status-publish","has-post-thumbnail","hentry","entry","has-media"],"_links":{"self":[{"href":"https:\/\/franzisehmrau.de\/index.php?rest_route=\/wp\/v2\/pages\/23","targetHints":{"allow":["GET"]}}],"collection":[{"href":"https:\/\/franzisehmrau.de\/index.php?rest_route=\/wp\/v2\/pages"}],"about":[{"href":"https:\/\/franzisehmrau.de\/index.php?rest_route=\/wp\/v2\/types\/page"}],"author":[{"embeddable":true,"href":"https:\/\/franzisehmrau.de\/index.php?rest_route=\/wp\/v2\/users\/1"}],"replies":[{"embeddable":true,"href":"https:\/\/franzisehmrau.de\/index.php?rest_route=%2Fwp%2Fv2%2Fcomments&post=23"}],"version-history":[{"count":10,"href":"https:\/\/franzisehmrau.de\/index.php?rest_route=\/wp\/v2\/pages\/23\/revisions"}],"predecessor-version":[{"id":164,"href":"https:\/\/franzisehmrau.de\/index.php?rest_route=\/wp\/v2\/pages\/23\/revisions\/164"}],"wp:featuredmedia":[{"embeddable":true,"href":"https:\/\/franzisehmrau.de\/index.php?rest_route=\/wp\/v2\/media\/91"}],"wp:attachment":[{"href":"https:\/\/franzisehmrau.de\/index.php?rest_route=%2Fwp%2Fv2%2Fmedia&parent=23"}],"curies":[{"name":"wp","href":"https:\/\/api.w.org\/{rel}","templated":true}]}}