{"id":26,"date":"2022-01-11T12:09:26","date_gmt":"2022-01-11T12:09:26","guid":{"rendered":"https:\/\/franzisehmrau.de\/?page_id=26"},"modified":"2025-02-04T19:22:03","modified_gmt":"2025-02-04T19:22:03","slug":"dokumente","status":"publish","type":"page","link":"https:\/\/franzisehmrau.de\/?page_id=26","title":{"rendered":"Zertifikate"},"content":{"rendered":"\n<p>Weiterbildungen und fortlaufendes Lernen sind fester Bestandteil in meinem Leben. Ich nehme regelm\u00e4\u00dfig an Seminaren und Weiterbildungen teil.<\/p>\n\n\n\n<p>Ich verfu\u0308ge u\u0308ber den Sachkundenachweis gem\u00e4\u00df <strong>Hundeverordnung der L\u00e4nder und lt. \u00a7 11 Absatz 1 Nummer 8f Tierschutzgesetz<\/strong> und bin befugt gewerbsm\u00e4\u00dfig fu\u0308r Dritte Hunde auszubilden oder die Ausbildung der Hunde durch den Tierhalter anzuleiten.<\/p>\n\n\n<div class=\"wp-block-image\">\n<figure class=\"aligncenter size-large is-resized\"><img loading=\"lazy\" decoding=\"async\" width=\"725\" height=\"1024\" src=\"https:\/\/franzisehmrau.de\/wp-content\/uploads\/2022\/01\/franzi_sehmrau_zertifikat-725x1024.jpg\" alt=\"\" class=\"wp-image-27\" style=\"width:344px;height:486px\" srcset=\"https:\/\/franzisehmrau.de\/wp-content\/uploads\/2022\/01\/franzi_sehmrau_zertifikat-725x1024.jpg 725w, https:\/\/franzisehmrau.de\/wp-content\/uploads\/2022\/01\/franzi_sehmrau_zertifikat-212x300.jpg 212w, https:\/\/franzisehmrau.de\/wp-content\/uploads\/2022\/01\/franzi_sehmrau_zertifikat-768x1085.jpg 768w, https:\/\/franzisehmrau.de\/wp-content\/uploads\/2022\/01\/franzi_sehmrau_zertifikat-1087x1536.jpg 1087w, https:\/\/franzisehmrau.de\/wp-content\/uploads\/2022\/01\/franzi_sehmrau_zertifikat.jpg 1200w\" sizes=\"auto, (max-width: 725px) 100vw, 725px\" \/><\/figure><\/div>\n\n<div class=\"wp-block-image\">\n<figure class=\"aligncenter size-large is-resized\"><img loading=\"lazy\" decoding=\"async\" width=\"725\" height=\"1024\" src=\"https:\/\/franzisehmrau.de\/wp-content\/uploads\/2022\/01\/franzi_sehmrau_zeugnis-725x1024.jpg\" alt=\"\" class=\"wp-image-28\" style=\"width:343px;height:484px\" srcset=\"https:\/\/franzisehmrau.de\/wp-content\/uploads\/2022\/01\/franzi_sehmrau_zeugnis-725x1024.jpg 725w, https:\/\/franzisehmrau.de\/wp-content\/uploads\/2022\/01\/franzi_sehmrau_zeugnis-212x300.jpg 212w, https:\/\/franzisehmrau.de\/wp-content\/uploads\/2022\/01\/franzi_sehmrau_zeugnis-768x1085.jpg 768w, https:\/\/franzisehmrau.de\/wp-content\/uploads\/2022\/01\/franzi_sehmrau_zeugnis-1087x1536.jpg 1087w, https:\/\/franzisehmrau.de\/wp-content\/uploads\/2022\/01\/franzi_sehmrau_zeugnis.jpg 1200w\" sizes=\"auto, (max-width: 725px) 100vw, 725px\" \/><\/figure><\/div>\n\n<div class=\"wp-block-image\">\n<figure class=\"aligncenter size-large is-resized\"><img loading=\"lazy\" decoding=\"async\" width=\"722\" height=\"1024\" src=\"https:\/\/franzisehmrau.de\/wp-content\/uploads\/2023\/04\/Zerti_0-722x1024.png\" alt=\"\" class=\"wp-image-122\" style=\"width:343px;height:484px\" srcset=\"https:\/\/franzisehmrau.de\/wp-content\/uploads\/2023\/04\/Zerti_0-722x1024.png 722w, https:\/\/franzisehmrau.de\/wp-content\/uploads\/2023\/04\/Zerti_0-212x300.png 212w, https:\/\/franzisehmrau.de\/wp-content\/uploads\/2023\/04\/Zerti_0-768x1089.png 768w, https:\/\/franzisehmrau.de\/wp-content\/uploads\/2023\/04\/Zerti_0-1084x1536.png 1084w, https:\/\/franzisehmrau.de\/wp-content\/uploads\/2023\/04\/Zerti_0.png 1222w\" sizes=\"auto, (max-width: 722px) 100vw, 722px\" \/><\/figure><\/div>\n\n<div class=\"wp-block-image\">\n<figure class=\"aligncenter size-large is-resized\"><img loading=\"lazy\" decoding=\"async\" width=\"722\" height=\"1024\" src=\"https:\/\/franzisehmrau.de\/wp-content\/uploads\/2023\/04\/Zerti_1-722x1024.png\" alt=\"\" class=\"wp-image-123\" style=\"width:343px;height:484px\" srcset=\"https:\/\/franzisehmrau.de\/wp-content\/uploads\/2023\/04\/Zerti_1-722x1024.png 722w, https:\/\/franzisehmrau.de\/wp-content\/uploads\/2023\/04\/Zerti_1-211x300.png 211w, https:\/\/franzisehmrau.de\/wp-content\/uploads\/2023\/04\/Zerti_1-768x1090.png 768w, https:\/\/franzisehmrau.de\/wp-content\/uploads\/2023\/04\/Zerti_1-1082x1536.png 1082w, https:\/\/franzisehmrau.de\/wp-content\/uploads\/2023\/04\/Zerti_1.png 1222w\" sizes=\"auto, (max-width: 722px) 100vw, 722px\" \/><\/figure><\/div>\n\n<div class=\"wp-block-image\">\n<figure class=\"aligncenter size-large is-resized\"><img loading=\"lazy\" decoding=\"async\" width=\"720\" height=\"1024\" src=\"https:\/\/franzisehmrau.de\/wp-content\/uploads\/2023\/04\/Zerti_2-720x1024.png\" alt=\"\" class=\"wp-image-124\" style=\"width:343px;height:484px\" srcset=\"https:\/\/franzisehmrau.de\/wp-content\/uploads\/2023\/04\/Zerti_2-720x1024.png 720w, https:\/\/franzisehmrau.de\/wp-content\/uploads\/2023\/04\/Zerti_2-211x300.png 211w, https:\/\/franzisehmrau.de\/wp-content\/uploads\/2023\/04\/Zerti_2-768x1092.png 768w, https:\/\/franzisehmrau.de\/wp-content\/uploads\/2023\/04\/Zerti_2-1080x1536.png 1080w, https:\/\/franzisehmrau.de\/wp-content\/uploads\/2023\/04\/Zerti_2.png 1218w\" sizes=\"auto, (max-width: 720px) 100vw, 720px\" \/><\/figure><\/div>\n\n<div class=\"wp-block-image\">\n<figure class=\"aligncenter size-large is-resized\"><img loading=\"lazy\" decoding=\"async\" width=\"724\" height=\"1024\" src=\"https:\/\/franzisehmrau.de\/wp-content\/uploads\/2023\/04\/Zerti_3-724x1024.png\" alt=\"\" class=\"wp-image-125\" style=\"width:343px;height:484px\" srcset=\"https:\/\/franzisehmrau.de\/wp-content\/uploads\/2023\/04\/Zerti_3-724x1024.png 724w, https:\/\/franzisehmrau.de\/wp-content\/uploads\/2023\/04\/Zerti_3-212x300.png 212w, https:\/\/franzisehmrau.de\/wp-content\/uploads\/2023\/04\/Zerti_3-768x1086.png 768w, https:\/\/franzisehmrau.de\/wp-content\/uploads\/2023\/04\/Zerti_3-1086x1536.png 1086w, https:\/\/franzisehmrau.de\/wp-content\/uploads\/2023\/04\/Zerti_3.png 1222w\" sizes=\"auto, (max-width: 724px) 100vw, 724px\" \/><\/figure><\/div>\n\n<div class=\"wp-block-image\">\n<figure class=\"aligncenter size-large is-resized\"><img loading=\"lazy\" decoding=\"async\" width=\"724\" height=\"1024\" src=\"https:\/\/franzisehmrau.de\/wp-content\/uploads\/2023\/04\/Zerti_4-724x1024.png\" alt=\"\" class=\"wp-image-126\" style=\"width:343px;height:484px\" srcset=\"https:\/\/franzisehmrau.de\/wp-content\/uploads\/2023\/04\/Zerti_4-724x1024.png 724w, https:\/\/franzisehmrau.de\/wp-content\/uploads\/2023\/04\/Zerti_4-212x300.png 212w, https:\/\/franzisehmrau.de\/wp-content\/uploads\/2023\/04\/Zerti_4-768x1087.png 768w, https:\/\/franzisehmrau.de\/wp-content\/uploads\/2023\/04\/Zerti_4-1085x1536.png 1085w, https:\/\/franzisehmrau.de\/wp-content\/uploads\/2023\/04\/Zerti_4.png 1224w\" sizes=\"auto, (max-width: 724px) 100vw, 724px\" \/><\/figure><\/div>\n\n<div class=\"wp-block-image\">\n<figure class=\"aligncenter size-large is-resized\"><img loading=\"lazy\" decoding=\"async\" width=\"722\" height=\"1024\" src=\"https:\/\/franzisehmrau.de\/wp-content\/uploads\/2023\/04\/Zerti_5-722x1024.png\" alt=\"\" class=\"wp-image-127\" style=\"width:343px;height:484px\" srcset=\"https:\/\/franzisehmrau.de\/wp-content\/uploads\/2023\/04\/Zerti_5-722x1024.png 722w, https:\/\/franzisehmrau.de\/wp-content\/uploads\/2023\/04\/Zerti_5-212x300.png 212w, https:\/\/franzisehmrau.de\/wp-content\/uploads\/2023\/04\/Zerti_5-768x1089.png 768w, https:\/\/franzisehmrau.de\/wp-content\/uploads\/2023\/04\/Zerti_5-1084x1536.png 1084w, https:\/\/franzisehmrau.de\/wp-content\/uploads\/2023\/04\/Zerti_5.png 1222w\" sizes=\"auto, (max-width: 722px) 100vw, 722px\" \/><\/figure><\/div>\n\n<div class=\"wp-block-image\">\n<figure class=\"aligncenter size-large is-resized\"><img loading=\"lazy\" decoding=\"async\" width=\"724\" height=\"1024\" src=\"https:\/\/franzisehmrau.de\/wp-content\/uploads\/2023\/06\/Bildschirmfoto-2023-06-22-um-11.25.31-724x1024.png\" alt=\"\" class=\"wp-image-142\" style=\"width:362px;height:512px\" srcset=\"https:\/\/franzisehmrau.de\/wp-content\/uploads\/2023\/06\/Bildschirmfoto-2023-06-22-um-11.25.31-724x1024.png 724w, https:\/\/franzisehmrau.de\/wp-content\/uploads\/2023\/06\/Bildschirmfoto-2023-06-22-um-11.25.31-212x300.png 212w, https:\/\/franzisehmrau.de\/wp-content\/uploads\/2023\/06\/Bildschirmfoto-2023-06-22-um-11.25.31-768x1085.png 768w, https:\/\/franzisehmrau.de\/wp-content\/uploads\/2023\/06\/Bildschirmfoto-2023-06-22-um-11.25.31-1087x1536.png 1087w, https:\/\/franzisehmrau.de\/wp-content\/uploads\/2023\/06\/Bildschirmfoto-2023-06-22-um-11.25.31.png 1224w\" sizes=\"auto, (max-width: 724px) 100vw, 724px\" \/><\/figure><\/div>\n\n<div class=\"wp-block-image\">\n<figure class=\"aligncenter size-large is-resized\"><img loading=\"lazy\" decoding=\"async\" width=\"768\" height=\"1024\" src=\"https:\/\/franzisehmrau.de\/wp-content\/uploads\/2023\/11\/Bildschirmfoto-2023-11-28-um-12.01.59-768x1024.png\" alt=\"\" class=\"wp-image-167\" style=\"width:384px;height:512px\" srcset=\"https:\/\/franzisehmrau.de\/wp-content\/uploads\/2023\/11\/Bildschirmfoto-2023-11-28-um-12.01.59-768x1024.png 768w, https:\/\/franzisehmrau.de\/wp-content\/uploads\/2023\/11\/Bildschirmfoto-2023-11-28-um-12.01.59-225x300.png 225w, https:\/\/franzisehmrau.de\/wp-content\/uploads\/2023\/11\/Bildschirmfoto-2023-11-28-um-12.01.59-1152x1536.png 1152w, https:\/\/franzisehmrau.de\/wp-content\/uploads\/2023\/11\/Bildschirmfoto-2023-11-28-um-12.01.59.png 1300w\" sizes=\"auto, (max-width: 768px) 100vw, 768px\" \/><\/figure><\/div>\n\n<div class=\"wp-block-image\">\n<figure class=\"aligncenter size-large is-resized\"><img loading=\"lazy\" decoding=\"async\" width=\"764\" height=\"1024\" src=\"https:\/\/franzisehmrau.de\/wp-content\/uploads\/2023\/11\/Bildschirmfoto-2023-11-28-um-12.02.08-764x1024.png\" alt=\"\" class=\"wp-image-168\" style=\"width:382px;height:512px\" srcset=\"https:\/\/franzisehmrau.de\/wp-content\/uploads\/2023\/11\/Bildschirmfoto-2023-11-28-um-12.02.08-764x1024.png 764w, https:\/\/franzisehmrau.de\/wp-content\/uploads\/2023\/11\/Bildschirmfoto-2023-11-28-um-12.02.08-224x300.png 224w, https:\/\/franzisehmrau.de\/wp-content\/uploads\/2023\/11\/Bildschirmfoto-2023-11-28-um-12.02.08-768x1029.png 768w, https:\/\/franzisehmrau.de\/wp-content\/uploads\/2023\/11\/Bildschirmfoto-2023-11-28-um-12.02.08-1147x1536.png 1147w, https:\/\/franzisehmrau.de\/wp-content\/uploads\/2023\/11\/Bildschirmfoto-2023-11-28-um-12.02.08.png 1290w\" sizes=\"auto, (max-width: 764px) 100vw, 764px\" \/><\/figure><\/div>\n\n<div class=\"wp-block-image\">\n<figure class=\"aligncenter size-large is-resized\"><img loading=\"lazy\" decoding=\"async\" width=\"760\" height=\"1024\" src=\"https:\/\/franzisehmrau.de\/wp-content\/uploads\/2024\/05\/kosmos-webinar-2023-760x1024.png\" alt=\"\" class=\"wp-image-179\" style=\"width:380px;height:512px\" srcset=\"https:\/\/franzisehmrau.de\/wp-content\/uploads\/2024\/05\/kosmos-webinar-2023-760x1024.png 760w, https:\/\/franzisehmrau.de\/wp-content\/uploads\/2024\/05\/kosmos-webinar-2023-223x300.png 223w, https:\/\/franzisehmrau.de\/wp-content\/uploads\/2024\/05\/kosmos-webinar-2023-768x1034.png 768w, https:\/\/franzisehmrau.de\/wp-content\/uploads\/2024\/05\/kosmos-webinar-2023-1140x1536.png 1140w, https:\/\/franzisehmrau.de\/wp-content\/uploads\/2024\/05\/kosmos-webinar-2023.png 1176w\" sizes=\"auto, (max-width: 760px) 100vw, 760px\" \/><\/figure><\/div>\n\n<div class=\"wp-block-image\">\n<figure class=\"aligncenter size-large is-resized\"><img loading=\"lazy\" decoding=\"async\" width=\"806\" height=\"1024\" src=\"https:\/\/franzisehmrau.de\/wp-content\/uploads\/2024\/10\/dogmanship-806x1024.jpg\" alt=\"\" class=\"wp-image-185\" style=\"width:403px;height:512px\" srcset=\"https:\/\/franzisehmrau.de\/wp-content\/uploads\/2024\/10\/dogmanship-806x1024.jpg 806w, https:\/\/franzisehmrau.de\/wp-content\/uploads\/2024\/10\/dogmanship-236x300.jpg 236w, https:\/\/franzisehmrau.de\/wp-content\/uploads\/2024\/10\/dogmanship-768x976.jpg 768w, https:\/\/franzisehmrau.de\/wp-content\/uploads\/2024\/10\/dogmanship.jpg 900w\" sizes=\"auto, (max-width: 806px) 100vw, 806px\" \/><\/figure><\/div>\n\n<div class=\"wp-block-image\">\n<figure class=\"aligncenter size-large is-resized\"><img loading=\"lazy\" decoding=\"async\" width=\"769\" height=\"1024\" src=\"https:\/\/franzisehmrau.de\/wp-content\/uploads\/2025\/02\/ND-Benno-769x1024.png\" alt=\"\" class=\"wp-image-192\" style=\"width:403px;height:512px\" srcset=\"https:\/\/franzisehmrau.de\/wp-content\/uploads\/2025\/02\/ND-Benno-769x1024.png 769w, https:\/\/franzisehmrau.de\/wp-content\/uploads\/2025\/02\/ND-Benno-225x300.png 225w, https:\/\/franzisehmrau.de\/wp-content\/uploads\/2025\/02\/ND-Benno-768x1023.png 768w, https:\/\/franzisehmrau.de\/wp-content\/uploads\/2025\/02\/ND-Benno-1153x1536.png 1153w, https:\/\/franzisehmrau.de\/wp-content\/uploads\/2025\/02\/ND-Benno.png 1378w\" sizes=\"auto, (max-width: 769px) 100vw, 769px\" \/><\/figure><\/div>","protected":false},"excerpt":{"rendered":"<p>Weiterbildungen und fortlaufendes Lernen sind fester Bestandteil in meinem Leben. Ich nehme regelm\u00e4\u00dfig an Seminaren und Weiterbildungen teil. Ich verfu\u0308ge u\u0308ber den Sachkundenachweis gem\u00e4\u00df Hundeverordnung der L\u00e4nder und lt. \u00a7 11 Absatz 1 Nummer 8f Tierschutzgesetz und bin befugt gewerbsm\u00e4\u00dfig fu\u0308r Dritte Hunde auszubilden oder die Ausbildung der Hunde durch den Tierhalter anzuleiten.<\/p>\n","protected":false},"author":1,"featured_media":0,"parent":0,"menu_order":0,"comment_status":"closed","ping_status":"closed","template":"","meta":{"footnotes":""},"class_list":["post-26","page","type-page","status-publish","hentry","entry"],"_links":{"self":[{"href":"https:\/\/franzisehmrau.de\/index.php?rest_route=\/wp\/v2\/pages\/26","targetHints":{"allow":["GET"]}}],"collection":[{"href":"https:\/\/franzisehmrau.de\/index.php?rest_route=\/wp\/v2\/pages"}],"about":[{"href":"https:\/\/franzisehmrau.de\/index.php?rest_route=\/wp\/v2\/types\/page"}],"author":[{"embeddable":true,"href":"https:\/\/franzisehmrau.de\/index.php?rest_route=\/wp\/v2\/users\/1"}],"replies":[{"embeddable":true,"href":"https:\/\/franzisehmrau.de\/index.php?rest_route=%2Fwp%2Fv2%2Fcomments&post=26"}],"version-history":[{"count":12,"href":"https:\/\/franzisehmrau.de\/index.php?rest_route=\/wp\/v2\/pages\/26\/revisions"}],"predecessor-version":[{"id":193,"href":"https:\/\/franzisehmrau.de\/index.php?rest_route=\/wp\/v2\/pages\/26\/revisions\/193"}],"wp:attachment":[{"href":"https:\/\/franzisehmrau.de\/index.php?rest_route=%2Fwp%2Fv2%2Fmedia&parent=26"}],"curies":[{"name":"wp","href":"https:\/\/api.w.org\/{rel}","templated":true}]}}