{"id":31,"date":"2022-01-11T12:10:22","date_gmt":"2022-01-11T12:10:22","guid":{"rendered":"https:\/\/franzisehmrau.de\/?page_id=31"},"modified":"2025-06-06T20:45:17","modified_gmt":"2025-06-06T20:45:17","slug":"preise","status":"publish","type":"page","link":"https:\/\/franzisehmrau.de\/?page_id=31","title":{"rendered":"Preise"},"content":{"rendered":"\n<p><\/p>\n\n\n<div class=\"wp-block-image\">\n<figure class=\"aligncenter size-large\"><img loading=\"lazy\" decoding=\"async\" width=\"1024\" height=\"768\" src=\"https:\/\/franzisehmrau.de\/wp-content\/uploads\/2024\/05\/photo_2024-05-21-21.58.39-1024x768.jpeg\" alt=\"\" class=\"wp-image-175\" srcset=\"https:\/\/franzisehmrau.de\/wp-content\/uploads\/2024\/05\/photo_2024-05-21-21.58.39-1024x768.jpeg 1024w, https:\/\/franzisehmrau.de\/wp-content\/uploads\/2024\/05\/photo_2024-05-21-21.58.39-300x225.jpeg 300w, https:\/\/franzisehmrau.de\/wp-content\/uploads\/2024\/05\/photo_2024-05-21-21.58.39-768x576.jpeg 768w, https:\/\/franzisehmrau.de\/wp-content\/uploads\/2024\/05\/photo_2024-05-21-21.58.39.jpeg 1280w\" sizes=\"auto, (max-width: 1024px) 100vw, 1024px\" \/><\/figure><\/div>\n\n\n<p><strong>DOGWALKEN<\/strong> inkl. MwSt.<br>Die Preise gelten als Monatsabonnement, das hei\u00dft Urlaubs-, Feier- und Krankheitstage sind impliziert und das Abo ist kontinuierlich zu bezahlen. Das Wohl deines Hundes liegt an erster Stelle. Deshalb biete ich Dir ein preiswertes Monatsabo an, um zu gew\u00e4hrleisten, dass dein Hund langfristig einen Platz in meiner Gruppe hat. Die Regelm\u00e4\u00dfigkeit der Teilnahme des Hundes unterst\u00fctzt die Kontinuit\u00e4t der Gruppe und ihre entspannte Atmosph\u00e4re enorm.<\/p>\n\n\n\n<p>2x w\u00f6chentlich \u20ac 295 ( 36,87 pro walk)<br>3x w\u00f6chentlich \u20ac 395 ( 32,91 pro walk)<br>4x w\u00f6chentlich \u20ac 485 ( 30,31 pro walk)<br>5x w\u00f6chentlich \u20ac 585 ( 29,25 pro walk)<\/p>\n\n\n\n<p>Einzelbuchungen ab \u20ac 40 m\u00f6glich.<\/p>\n\n\n\n<p>Alle Preise sind inklusive das Abholen und Bringen deines Hundes und nat\u00fcrlich inklusive Mehrwertsteuer.<\/p>\n\n\n\n<p>Die Leistung ist als haushaltsnahe Dienstleistung anzusehen.<\/p>\n\n\n\n<figure class=\"wp-block-image size-large\"><img loading=\"lazy\" decoding=\"async\" width=\"1024\" height=\"586\" src=\"https:\/\/franzisehmrau.de\/wp-content\/uploads\/2023\/06\/2023-06-22-11.23.46-1024x586.jpg\" alt=\"\" class=\"wp-image-145\" srcset=\"https:\/\/franzisehmrau.de\/wp-content\/uploads\/2023\/06\/2023-06-22-11.23.46-1024x586.jpg 1024w, https:\/\/franzisehmrau.de\/wp-content\/uploads\/2023\/06\/2023-06-22-11.23.46-300x172.jpg 300w, https:\/\/franzisehmrau.de\/wp-content\/uploads\/2023\/06\/2023-06-22-11.23.46-768x439.jpg 768w, https:\/\/franzisehmrau.de\/wp-content\/uploads\/2023\/06\/2023-06-22-11.23.46.jpg 1280w\" sizes=\"auto, (max-width: 1024px) 100vw, 1024px\" \/><\/figure>\n\n\n\n<p><strong>HUNDEVERHALTENSBERATUNG<\/strong><br>Erstvorstellung mit Verhaltensanamnese 90 min \u20ac 130<br>Individuelles Einzeltraining ( Mensch Hund Team) 60 min \u20ac 85<br>3-er Karte Einzeltraining ( Mensch \u2013 Hund -Team) \u20ac 225<br>5-er Karte Einzeltraining ( Mensch \u2013 Hund -Team) \u20ac 370<br>Einzeltraining nur Hund 60 min \u20ac 75<br>3-er Karte Einzeltraining nur Hund \u20ac 200<br>5-er Karte Einzeltraining nur Hund \u20ac 325<br>Kaufberatung 60 min \u20ac 50<br>Die Honorierung erfolgt bitte nach Ende der Trainingseinheit vor Ort.<br><\/p>\n\n\n<div class=\"wp-block-image\">\n<figure class=\"aligncenter size-large is-resized\"><img loading=\"lazy\" decoding=\"async\" width=\"825\" height=\"1024\" src=\"https:\/\/franzisehmrau.de\/wp-content\/uploads\/2023\/07\/2023-07-07-14.10.12-825x1024.jpg\" alt=\"\" class=\"wp-image-161\" style=\"width:413px;height:512px\" srcset=\"https:\/\/franzisehmrau.de\/wp-content\/uploads\/2023\/07\/2023-07-07-14.10.12-825x1024.jpg 825w, https:\/\/franzisehmrau.de\/wp-content\/uploads\/2023\/07\/2023-07-07-14.10.12-242x300.jpg 242w, https:\/\/franzisehmrau.de\/wp-content\/uploads\/2023\/07\/2023-07-07-14.10.12-768x953.jpg 768w, https:\/\/franzisehmrau.de\/wp-content\/uploads\/2023\/07\/2023-07-07-14.10.12.jpg 1031w\" sizes=\"auto, (max-width: 825px) 100vw, 825px\" \/><\/figure><\/div>","protected":false},"excerpt":{"rendered":"<p>DOGWALKEN inkl. MwSt.Die Preise gelten als Monatsabonnement, das hei\u00dft Urlaubs-, Feier- und Krankheitstage sind impliziert und das Abo ist kontinuierlich zu bezahlen. Das Wohl deines Hundes liegt an erster Stelle. Deshalb biete ich Dir ein preiswertes Monatsabo an, um zu gew\u00e4hrleisten, dass dein Hund langfristig einen Platz in meiner Gruppe hat. Die Regelm\u00e4\u00dfigkeit der Teilnahme [&hellip;]<\/p>\n","protected":false},"author":1,"featured_media":0,"parent":0,"menu_order":0,"comment_status":"closed","ping_status":"closed","template":"","meta":{"footnotes":""},"class_list":["post-31","page","type-page","status-publish","hentry","entry"],"_links":{"self":[{"href":"https:\/\/franzisehmrau.de\/index.php?rest_route=\/wp\/v2\/pages\/31","targetHints":{"allow":["GET"]}}],"collection":[{"href":"https:\/\/franzisehmrau.de\/index.php?rest_route=\/wp\/v2\/pages"}],"about":[{"href":"https:\/\/franzisehmrau.de\/index.php?rest_route=\/wp\/v2\/types\/page"}],"author":[{"embeddable":true,"href":"https:\/\/franzisehmrau.de\/index.php?rest_route=\/wp\/v2\/users\/1"}],"replies":[{"embeddable":true,"href":"https:\/\/franzisehmrau.de\/index.php?rest_route=%2Fwp%2Fv2%2Fcomments&post=31"}],"version-history":[{"count":17,"href":"https:\/\/franzisehmrau.de\/index.php?rest_route=\/wp\/v2\/pages\/31\/revisions"}],"predecessor-version":[{"id":202,"href":"https:\/\/franzisehmrau.de\/index.php?rest_route=\/wp\/v2\/pages\/31\/revisions\/202"}],"wp:attachment":[{"href":"https:\/\/franzisehmrau.de\/index.php?rest_route=%2Fwp%2Fv2%2Fmedia&parent=31"}],"curies":[{"name":"wp","href":"https:\/\/api.w.org\/{rel}","templated":true}]}}